{"id":6837,"date":"2024-08-31T15:55:01","date_gmt":"2024-08-31T13:55:01","guid":{"rendered":"https:\/\/rehwald-associates.com\/?page_id=6837"},"modified":"2024-08-31T16:30:49","modified_gmt":"2024-08-31T14:30:49","slug":"impressum","status":"publish","type":"page","link":"https:\/\/rehwald-associates.com\/de\/impressum\/","title":{"rendered":"Impressum"},"content":{"rendered":"\n<p>Rehwald Associates GmbH<br>Altk\u00f6nigstra\u00dfe 4a<br>61462 K\u00f6nigstein im Taunus<\/p>\n\n\n\n<p><strong>Vertreten durch:<\/strong><br>Manuel Rehwald<\/p>\n\n\n\n<h2 class=\"wp-block-heading\">Kontakt<\/h2>\n\n\n\n<p>Telefon: +49 6174 9357 639<br>E-Mail: info@rehwald-associates.com<\/p>\n\n\n\n<h2 class=\"wp-block-heading\">Umsatzsteuer-ID<\/h2>\n\n\n\n<p>Umsatzsteuer-Identifikationsnummer gem\u00e4\u00df \u00a7 27 a Umsatzsteuergesetz:<br>DE277716332<\/p>\n\n\n\n<h2 class=\"wp-block-heading\">Redaktionell verantwortlich<\/h2>\n\n\n\n<p>Manuel Rehwald<br>Altk\u00f6nigstr. 4a<br>D-61462 K\u00f6nigstein im Taunus<\/p>\n\n\n\n<h2 class=\"wp-block-heading\">Verbraucher\u00adstreit\u00adbeilegung\/Universal\u00adschlichtungs\u00adstelle<\/h2>\n\n\n\n<p>Wir sind nicht bereit oder verpflichtet, an Streitbeilegungsverfahren vor einer Verbraucherschlichtungsstelle teilzunehmen.<\/p>\n\n\n\n<p><\/p>\n","protected":false},"excerpt":{"rendered":"<p>Rehwald Associates GmbHAltk\u00f6nigstra\u00dfe 4a61462 K\u00f6nigstein im Taunus Vertreten durch:Manuel Rehwald Kontakt Telefon: +49 6174 9357 639E-Mail: info@rehwald-associates.com Umsatzsteuer-ID Umsatzsteuer-Identifikationsnummer gem\u00e4\u00df \u00a7 27 a Umsatzsteuergesetz:DE277716332 Redaktionell verantwortlich Manuel [&hellip;]<\/p>\n","protected":false},"author":1,"featured_media":0,"parent":0,"menu_order":0,"comment_status":"closed","ping_status":"closed","template":"","meta":{"footnotes":""},"class_list":["post-6837","page","type-page","status-publish","hentry"],"_links":{"self":[{"href":"https:\/\/rehwald-associates.com\/de\/wp-json\/wp\/v2\/pages\/6837","targetHints":{"allow":["GET"]}}],"collection":[{"href":"https:\/\/rehwald-associates.com\/de\/wp-json\/wp\/v2\/pages"}],"about":[{"href":"https:\/\/rehwald-associates.com\/de\/wp-json\/wp\/v2\/types\/page"}],"author":[{"embeddable":true,"href":"https:\/\/rehwald-associates.com\/de\/wp-json\/wp\/v2\/users\/1"}],"replies":[{"embeddable":true,"href":"https:\/\/rehwald-associates.com\/de\/wp-json\/wp\/v2\/comments?post=6837"}],"version-history":[{"count":2,"href":"https:\/\/rehwald-associates.com\/de\/wp-json\/wp\/v2\/pages\/6837\/revisions"}],"predecessor-version":[{"id":6843,"href":"https:\/\/rehwald-associates.com\/de\/wp-json\/wp\/v2\/pages\/6837\/revisions\/6843"}],"wp:attachment":[{"href":"https:\/\/rehwald-associates.com\/de\/wp-json\/wp\/v2\/media?parent=6837"}],"curies":[{"name":"wp","href":"https:\/\/api.w.org\/{rel}","templated":true}]}}